{"id":987509864,"date":"2023-08-03T10:26:12","date_gmt":"2023-08-03T16:26:12","guid":{"rendered":"https:\/\/administrativelogics.com\/administrative-logics\/"},"modified":"2023-08-21T14:43:06","modified_gmt":"2023-08-21T20:43:06","slug":"administrative-logics","status":"publish","type":"page","link":"https:\/\/administrativelogics.com\/es\/","title":{"rendered":"Administrative Logics"},"content":{"rendered":"<p>[et_pb_section fb_built=\u00bb1&#8243; fullwidth=\u00bbon\u00bb _builder_version=\u00bb4.21.0&#8243; _module_preset=\u00bbdefault\u00bb global_colors_info=\u00bb{}\u00bb][et_pb_fullwidth_slider _builder_version=\u00bb4.21.2&#8243; _module_preset=\u00bbdefault\u00bb header_font=\u00bbArial|800|||||||\u00bb header_font_size=\u00bb90px\u00bb header_line_height=\u00bb1.5em\u00bb body_font=\u00bb|600|||||||\u00bb body_font_size=\u00bb16px\u00bb background_color=\u00bb#1D3D91&#8243; custom_button=\u00bbon\u00bb button_text_color=\u00bb#FFFFFF\u00bb button_bg_color=\u00bb#000000&#8243; button_border_width=\u00bb0px\u00bb button_border_radius=\u00bb0px\u00bb button_font=\u00bbArial|700|||||||\u00bb button_custom_margin=\u00bb50px||||false|false\u00bb global_colors_info=\u00bb{}\u00bb][et_pb_slide heading=\u00bbAdministrative Logics\u00bb button_text=\u00bbM\u00e1s sobre nosotros\u00bb button_link=\u00bb@ET-DC@eyJkeW5hbWljIjp0cnVlLCJjb250ZW50IjoicG9zdF9saW5rX3VybF9wYWdlIiwic2V0dGluZ3MiOnsicG9zdF9pZCI6Ijk4NzUwOTY2NiJ9fQ==@\u00bb content_tablet=\u00bbEn Administrative Logics nos enorgullecemos de ofrecer una amplia gama de servicios empresariales<br \/> integrales para satisfacer todas las necesidades administrativas de su empresa.\u00bb content_phone=\u00bbEn Administrative Logics nos enorgullecemos de ofrecer una amplia gama de servicios empresariales integrales para satisfacer todas las necesidades administrativas de su empresa.\u00bb content_last_edited=\u00bbon|desktop\u00bb _builder_version=\u00bb4.21.2&#8243; _dynamic_attributes=\u00bbbutton_link\u00bb _module_preset=\u00bbdefault\u00bb header_text_align=\u00bbleft\u00bb background_color=\u00bb#1D3D91&#8243; background_enable_color=\u00bbon\u00bb use_background_color_gradient=\u00bbon\u00bb background_color_gradient_direction=\u00bb45deg\u00bb background_color_gradient_stops=\u00bb#1d3d91 32%|rgba(12,113,195,0) 100%\u00bb background_color_gradient_overlays_image=\u00bbon\u00bb background_image=\u00bbhttps:\/\/administrativelogics.com\/wp-content\/uploads\/2023\/08\/administrative-logics-slide-1.jpg\u00bb background_enable_image=\u00bbon\u00bb text_orientation=\u00bbleft\u00bb custom_padding=\u00bb||||false|false\u00bb header_font_size_tablet=\u00bb\u00bb header_font_size_phone=\u00bb42px\u00bb header_font_size_last_edited=\u00bbon|phone\u00bb global_colors_info=\u00bb{}\u00bb sticky_transition=\u00bbon\u00bb]En Administrative Logics nos enorgullecemos de ofrecer una amplia gama de servicios empresariales<br \/> integrales para satisfacer todas las necesidades administrativas de su empresa.[\/et_pb_slide][et_pb_slide heading=\u00bb Servicios administrativos\u00bb button_text=\u00bbM\u00e1s\u00bb button_link=\u00bb@ET-DC@eyJkeW5hbWljIjp0cnVlLCJjb250ZW50IjoicG9zdF9saW5rX3VybF9wYWdlIiwic2V0dGluZ3MiOnsicG9zdF9pZCI6IjU1In19@\u00bb content_tablet=\u00bbEn Administrative Logics nos comprometemos a trabajar estrechamente con cada cliente para comprender sus objetivos y desaf\u00edos \u00fanicos. \u00bb content_phone=\u00bbEn Administrative Logics nos enorgullecemos de ofrecer una amplia gama de servicios empresariales integrales para satisfacer todas las necesidades administrativas de su empresa.\u00bb content_last_edited=\u00bbon|desktop\u00bb _builder_version=\u00bb4.21.2&#8243; _dynamic_attributes=\u00bbbutton_link\u00bb _module_preset=\u00bbdefault\u00bb header_text_align=\u00bbleft\u00bb background_color=\u00bb#1D3D91&#8243; background_enable_color=\u00bbon\u00bb use_background_color_gradient=\u00bbon\u00bb background_color_gradient_direction=\u00bb45deg\u00bb background_color_gradient_stops=\u00bb#1d3d91 32%|rgba(12,113,195,0) 100%\u00bb background_color_gradient_overlays_image=\u00bbon\u00bb background_image=\u00bbhttps:\/\/administrativelogics.com\/wp-content\/uploads\/2023\/08\/administrative-services-slide2.jpg\u00bb background_enable_image=\u00bbon\u00bb text_orientation=\u00bbleft\u00bb custom_padding=\u00bb||||false|false\u00bb header_font_size_tablet=\u00bb\u00bb header_font_size_phone=\u00bb42px\u00bb header_font_size_last_edited=\u00bbon|phone\u00bb global_colors_info=\u00bb{}\u00bb sticky_transition=\u00bbon\u00bb]En Administrative Logics nos comprometemos a trabajar estrechamente con cada cliente para comprender sus objetivos y desaf\u00edos \u00fanicos. [\/et_pb_slide][et_pb_slide heading=\u00bb Outsourcing de recursos humanos\u00bb button_text=\u00bbM\u00e1s \u00bb button_link=\u00bb@ET-DC@eyJkeW5hbWljIjp0cnVlLCJjb250ZW50IjoicG9zdF9saW5rX3VybF9wYWdlIiwic2V0dGluZ3MiOnsicG9zdF9pZCI6IjEyNyJ9fQ==@\u00bb content_tablet=\u00bbEn Administrative Logics, entendemos que el recurso m\u00e1s valioso en cualquier empresa es su talento humano. \u00bb content_phone=\u00bbEn Administrative Logics nos enorgullecemos de ofrecer una amplia gama de servicios empresariales integrales para satisfacer todas las necesidades administrativas de su empresa.\u00bb content_last_edited=\u00bbon|desktop\u00bb _builder_version=\u00bb4.21.2&#8243; _dynamic_attributes=\u00bbbutton_link\u00bb _module_preset=\u00bbdefault\u00bb header_text_align=\u00bbleft\u00bb background_color=\u00bb#1D3D91&#8243; background_enable_color=\u00bbon\u00bb use_background_color_gradient=\u00bbon\u00bb background_color_gradient_direction=\u00bb45deg\u00bb background_color_gradient_stops=\u00bb#1d3d91 32%|rgba(12,113,195,0) 100%\u00bb background_color_gradient_overlays_image=\u00bbon\u00bb background_image=\u00bbhttps:\/\/administrativelogics.com\/wp-content\/uploads\/2023\/08\/outsourcing-human-resources-slide-3.jpg\u00bb background_enable_image=\u00bbon\u00bb text_orientation=\u00bbleft\u00bb custom_padding=\u00bb||||false|false\u00bb header_font_size_tablet=\u00bb\u00bb header_font_size_phone=\u00bb42px\u00bb header_font_size_last_edited=\u00bbon|phone\u00bb global_colors_info=\u00bb{}\u00bb sticky_transition=\u00bbon\u00bb]En Administrative Logics, entendemos que el recurso m\u00e1s valioso en cualquier empresa es su talento humano. [\/et_pb_slide][\/et_pb_fullwidth_slider][\/et_pb_section][et_pb_section fb_built=\u00bb1&#8243; admin_label=\u00bbAbout\u00bb _builder_version=\u00bb4.21.0&#8243; _module_preset=\u00bbdefault\u00bb background_color=\u00bb#1D3D91&#8243; collapsed=\u00bbon\u00bb global_colors_info=\u00bb{}\u00bb][et_pb_row column_structure=\u00bb3_5,2_5&#8243; _builder_version=\u00bb4.21.0&#8243; _module_preset=\u00bbdefault\u00bb global_colors_info=\u00bb{}\u00bb][et_pb_column type=\u00bb3_5&#8243; _builder_version=\u00bb4.21.0&#8243; _module_preset=\u00bbdefault\u00bb custom_padding=\u00bb40px||||false|false\u00bb global_colors_info=\u00bb{}\u00bb][et_pb_text _builder_version=\u00bb4.21.0&#8243; _module_preset=\u00bb0698649c-ca3a-4a0b-865f-f5108269b72c\u00bb header_4_text_color=\u00bb#D6D6D6&#8243; global_colors_info=\u00bb{}\u00bb]<\/p>\n<h4>Administrative Logics<\/h4>\n<p>[\/et_pb_text][et_pb_text _builder_version=\u00bb4.21.0&#8243; _module_preset=\u00bb198b7a2f-dc94-4f96-9c49-94186d8afd8c\u00bb header_text_color=\u00bb#FFFFFF\u00bb locked=\u00bboff\u00bb global_colors_info=\u00bb{}\u00bb]<\/p>\n<h1>\u00bfQui\u00e9nes somos?<\/h1>\n<p>[\/et_pb_text][et_pb_text _builder_version=\u00bb4.21.0&#8243; _module_preset=\u00bb944665b7-9686-4cc6-a3c4-322788bebcc4&#8243; text_text_color=\u00bb#FFFFFF\u00bb global_colors_info=\u00bb{}\u00bb]En Administrative Logics nos enorgullecemos de ofrecer una amplia gama de servicios empresariales integrales para satisfacer todas las necesidades administrativas de su empresa.<\/p>\n<p>Nuestra dedicaci\u00f3n a la excelencia y la experiencia en m\u00faltiples \u00e1reas nos convierten en el socio ideal para ayudarlo a alcanzar sus metas comerciales.<\/p>\n<p>Como proveedor l\u00edder en el mercado, ofrecemos servicios administrativos, contables, financieros, legales y de outsourcing de recursos humanos, dise\u00f1ados para optimizar y fortalecer su funcionamiento interno. Ya sea que est\u00e9 buscando simplificar su contabilidad, asegurar el cumplimiento legal, mejorar la gesti\u00f3n financiera o externalizar procesos clave, nuestro equipo altamente capacitado est\u00e1 listo para brindarle soluciones a medida que impulsar\u00e1n el crecimiento de su empresa.[\/et_pb_text][et_pb_button button_url=\u00bb@ET-DC@eyJkeW5hbWljIjp0cnVlLCJjb250ZW50IjoicG9zdF9saW5rX3VybF9wYWdlIiwic2V0dGluZ3MiOnsicG9zdF9pZCI6Ijk4NzUwOTY2NiJ9fQ==@\u00bb button_text=\u00bbSobre nosotros\u00bb _builder_version=\u00bb4.21.2&#8243; _dynamic_attributes=\u00bbbutton_url\u00bb _module_preset=\u00bb2fc09185-5856-49b6-8bd2-c2e8efbf5fe4&#8243; position_origin_a=\u00bbcenter_center\u00bb locked=\u00bboff\u00bb global_colors_info=\u00bb{}\u00bb][\/et_pb_button][\/et_pb_column][et_pb_column type=\u00bb2_5&#8243; _builder_version=\u00bb4.20.0&#8243; _module_preset=\u00bbdefault\u00bb global_colors_info=\u00bb{}\u00bb][et_pb_image src=\u00bbhttps:\/\/administrativelogics.com\/wp-content\/uploads\/2023\/08\/about-us-v2.jpg\u00bb alt=\u00bbSobre nosotros\u00bb title_text=\u00bbSobre nosotros\u00bb _builder_version=\u00bb4.21.2&#8243; _module_preset=\u00bbdefault\u00bb global_colors_info=\u00bb{}\u00bb transform_styles__hover_enabled=\u00bbon|hover\u00bb transform_scale__hover=\u00bb98%|98%\u00bb transform_scale__hover_enabled=\u00bbon|hover\u00bb transform_translate__hover_enabled=\u00bbon|desktop\u00bb transform_rotate__hover_enabled=\u00bbon|desktop\u00bb transform_skew__hover_enabled=\u00bbon|desktop\u00bb transform_origin__hover_enabled=\u00bbon|desktop\u00bb][\/et_pb_image][\/et_pb_column][\/et_pb_row][\/et_pb_section][et_pb_section fb_built=\u00bb1&#8243; _builder_version=\u00bb4.21.0&#8243; _module_preset=\u00bbdefault\u00bb background_color=\u00bb#1D3D91&#8243; overflow-x=\u00bbhidden\u00bb overflow-y=\u00bbhidden\u00bb locked=\u00bboff\u00bb global_colors_info=\u00bb{}\u00bb][et_pb_row _builder_version=\u00bb4.21.0&#8243; _module_preset=\u00bbdefault\u00bb global_colors_info=\u00bb{}\u00bb][et_pb_column type=\u00bb4_4&#8243; _builder_version=\u00bb4.21.0&#8243; _module_preset=\u00bbdefault\u00bb global_colors_info=\u00bb{}\u00bb][et_pb_text _builder_version=\u00bb4.21.0&#8243; _module_preset=\u00bb423a60b1-cf1d-4b07-8bf8-d5060eb7033c\u00bb header_2_text_color=\u00bb#FFFFFF\u00bb custom_margin=\u00bb||0px||false|false\u00bb custom_padding=\u00bb||0px||false|false\u00bb locked=\u00bboff\u00bb global_colors_info=\u00bb{}\u00bb]<\/p>\n<h2> Nuestros servicios <\/h2>\n<p>[\/et_pb_text][et_pb_text _builder_version=\u00bb4.21.0&#8243; _module_preset=\u00bb944665b7-9686-4cc6-a3c4-322788bebcc4&#8243; text_text_color=\u00bb#FFFFFF\u00bb global_colors_info=\u00bb{}\u00bb]<\/p>\n<p>En Administrative Logics nos comprometemos a trabajar estrechamente con cada cliente para comprender sus objetivos y desaf\u00edos \u00fanicos. Nuestra filosof\u00eda se basa en la confianza, la transparencia y la confidencialidad, lo que nos permite establecer relaciones a largo plazo con nuestros clientes y brindarles un servicio excepcional en todo momento.<\/p>\n<p>[\/et_pb_text][\/et_pb_column][\/et_pb_row][et_pb_row use_custom_gutter=\u00bbon\u00bb gutter_width=\u00bb2&#8243; _builder_version=\u00bb4.16&#8243; _module_preset=\u00bbdefault\u00bb width=\u00bb100%\u00bb max_width=\u00bb1920px\u00bb module_alignment=\u00bbcenter\u00bb locked=\u00bboff\u00bb global_colors_info=\u00bb{}\u00bb][et_pb_column type=\u00bb4_4&#8243; _builder_version=\u00bb4.16&#8243; _module_preset=\u00bbdefault\u00bb global_colors_info=\u00bb{}\u00bb][dnxte_coverflowslider_parent dnxte_coverflow_loop=\u00bbon\u00bb dnxte_coverflow_centered_slides=\u00bbon\u00bb dnxte_coverflow_grab=\u00bbon\u00bb dnxte_coverflow_mousewheel_enable=\u00bboff\u00bb dnxte_coverflow_speed=\u00bb650&#8243; dnxte_coverflow_spacebetween=\u00bb20&#8243; dnxte_coverflow_arrows=\u00bbon\u00bb dnxte_coverflow_breakpoint_desktop=\u00bb4&#8243; dnxte_coverflow_arrow_color=\u00bb#ffffff\u00bb dnxte_coverflow_arrow_background_color=\u00bbrgba(255,255,255,0.33)\u00bb dnxte_coverflow_dots_color=\u00bb#0C71C3&#8243; dnxte_coverflow_dots_active_color=\u00bb#0C71C3&#8243; dnxte_coverflow_arrow_size=\u00bb65&#8243; dnxte_coverflow_arrow_position=\u00bbinner\u00bb _builder_version=\u00bb4.22.1&#8243; _module_preset=\u00bbdefault\u00bb text_font=\u00bbArial|700|||||||\u00bb overflow-x=\u00bbhidden\u00bb overflow-y=\u00bbhidden\u00bb hover_enabled=\u00bb0&#8243; border_radii_image_border=\u00bbon|10px|10px|10px|10px\u00bb global_colors_info=\u00bb{}\u00bb sticky_enabled=\u00bb0&#8243;][dnxte_coverflowslider_child coverflowslider_layouts=\u00bbinside-image\u00bb coverflowslider_text=\u00bbServicios administrativos\u00bb coverflowslider_image=\u00bbhttps:\/\/administrativelogics.com\/wp-content\/uploads\/2023\/08\/administrative-services-carousel.jpg\u00bb coverflowslider_alt=\u00bbAdministrative services\u00bb dnxte_coverflow_button_text=\u00bbVer m\u00e1s\u00bb dnxte_coverflow_button_link=\u00bbhttps:\/\/administrativelogics.com\/es\/servicios-administrativos\/\u00bb coverflowslider_content_horizontal=\u00bb8%\u00bb coverflowslider_content_vertical=\u00bb85%\u00bb coverflowslider_content_wrapper_padding=\u00bb15px|15px|15px|15px|false|false\u00bb coverflow_button_bg_color=\u00bb#FFFFFF\u00bb coverflowslider_content_vertical_tablet=\u00bb\u00bb coverflowslider_content_vertical_phone=\u00bb75%\u00bb coverflowslider_content_vertical_last_edited=\u00bbon|phone\u00bb _builder_version=\u00bb4.22.1&#8243; _dynamic_attributes=\u00bblink_option_url\u00bb _module_preset=\u00bbdefault\u00bb header_font=\u00bbBarlow|700|||||||\u00bb header_text_color=\u00bb#ffffff\u00bb header_font_size=\u00bb25px\u00bb content_font=\u00bbKarla||||||||\u00bb content_text_color=\u00bb#ffffff\u00bb content_font_size=\u00bb17px\u00bb button_font=\u00bb|600||on|||||\u00bb button_text_color=\u00bb#1D3D91&#8243; button_font_size=\u00bb12px\u00bb link_option_url=\u00bb@ET-DC@eyJkeW5hbWljIjp0cnVlLCJjb250ZW50IjoicG9zdF9saW5rX3VybF9wYWdlIiwic2V0dGluZ3MiOnsicG9zdF9pZCI6IjU1In19@\u00bb hover_enabled=\u00bb0&#8243; border_width_all=\u00bb1px\u00bb border_color_all=\u00bb#0C71C3&#8243; border_width_all_button=\u00bb0px\u00bb global_colors_info=\u00bb{}\u00bb sticky_enabled=\u00bb0&#8243;][\/dnxte_coverflowslider_child][dnxte_coverflowslider_child coverflowslider_layouts=\u00bbinside-image\u00bb coverflowslider_text=\u00bbServicios contables\u00bb coverflowslider_image=\u00bbhttps:\/\/administrativelogics.com\/wp-content\/uploads\/2023\/08\/accounting-services-carousel.jpg\u00bb coverflowslider_alt=\u00bbAccounting services\u00bb dnxte_coverflow_button_text=\u00bbVer m\u00e1s\u00bb coverflowslider_content_horizontal=\u00bb8%\u00bb coverflowslider_content_vertical=\u00bb85%\u00bb coverflowslider_content_wrapper_padding=\u00bb15px|15px|15px|15px|false|false\u00bb coverflow_button_bg_color=\u00bb#FFFFFF\u00bb coverflowslider_content_vertical_tablet=\u00bb\u00bb coverflowslider_content_vertical_phone=\u00bb75%\u00bb coverflowslider_content_vertical_last_edited=\u00bbon|phone\u00bb _builder_version=\u00bb4.22.1&#8243; _dynamic_attributes=\u00bblink_option_url\u00bb _module_preset=\u00bbdefault\u00bb header_font=\u00bbBarlow|700|||||||\u00bb header_text_color=\u00bb#ffffff\u00bb header_font_size=\u00bb25px\u00bb content_font=\u00bbKarla||||||||\u00bb content_text_color=\u00bb#ffffff\u00bb content_font_size=\u00bb17px\u00bb button_font=\u00bb|600||on|||||\u00bb button_text_color=\u00bb#1D3D91&#8243; button_font_size=\u00bb12px\u00bb link_option_url=\u00bb@ET-DC@eyJkeW5hbWljIjp0cnVlLCJjb250ZW50IjoicG9zdF9saW5rX3VybF9wYWdlIiwic2V0dGluZ3MiOnsicG9zdF9pZCI6IjgxIn19@\u00bb hover_enabled=\u00bb0&#8243; border_width_all=\u00bb1px\u00bb border_color_all=\u00bb#0C71C3&#8243; border_width_all_button=\u00bb0px\u00bb global_colors_info=\u00bb{}\u00bb dnxte_coverflow_button_link=\u00bbhttps:\/\/administrativelogics.com\/es\/servicios-contables\/\u00bb sticky_enabled=\u00bb0&#8243;][\/dnxte_coverflowslider_child][dnxte_coverflowslider_child coverflowslider_layouts=\u00bbinside-image\u00bb coverflowslider_text=\u00bbServicios financieros\u00bb coverflowslider_image=\u00bbhttps:\/\/administrativelogics.com\/wp-content\/uploads\/2023\/08\/financial-services-carousel.jpg\u00bb coverflowslider_alt=\u00bbFinancial services\u00bb dnxte_coverflow_button_text=\u00bbVer m\u00e1s\u00bb coverflowslider_content_horizontal=\u00bb8%\u00bb coverflowslider_content_vertical=\u00bb85%\u00bb coverflowslider_content_wrapper_padding=\u00bb15px|15px|15px|15px|false|false\u00bb coverflow_button_bg_color=\u00bb#FFFFFF\u00bb coverflowslider_content_vertical_tablet=\u00bb\u00bb coverflowslider_content_vertical_phone=\u00bb75%\u00bb coverflowslider_content_vertical_last_edited=\u00bbon|phone\u00bb _builder_version=\u00bb4.22.1&#8243; _dynamic_attributes=\u00bblink_option_url\u00bb _module_preset=\u00bbdefault\u00bb header_font=\u00bbBarlow|700|||||||\u00bb header_text_color=\u00bb#ffffff\u00bb header_font_size=\u00bb25px\u00bb content_font=\u00bbKarla||||||||\u00bb content_text_color=\u00bb#ffffff\u00bb content_font_size=\u00bb17px\u00bb button_font=\u00bb|600||on|||||\u00bb button_text_color=\u00bb#1D3D91&#8243; button_font_size=\u00bb12px\u00bb link_option_url=\u00bb@ET-DC@eyJkeW5hbWljIjp0cnVlLCJjb250ZW50IjoicG9zdF9saW5rX3VybF9wYWdlIiwic2V0dGluZ3MiOnsicG9zdF9pZCI6Ijk0In19@\u00bb hover_enabled=\u00bb0&#8243; border_width_all=\u00bb1px\u00bb border_color_all=\u00bb#0C71C3&#8243; border_width_all_button=\u00bb0px\u00bb global_colors_info=\u00bb{}\u00bb dnxte_coverflow_button_link=\u00bbhttps:\/\/administrativelogics.com\/es\/servicios-financieros\/\u00bb sticky_enabled=\u00bb0&#8243;][\/dnxte_coverflowslider_child][dnxte_coverflowslider_child coverflowslider_layouts=\u00bbinside-image\u00bb coverflowslider_text=\u00bbServicios legales\u00bb coverflowslider_image=\u00bbhttps:\/\/administrativelogics.com\/wp-content\/uploads\/2023\/08\/legal-services-carousel.jpg\u00bb coverflowslider_alt=\u00bbLegal services\u00bb dnxte_coverflow_button_text=\u00bbVer m\u00e1s\u00bb coverflowslider_content_horizontal=\u00bb8%\u00bb coverflowslider_content_vertical=\u00bb85%\u00bb coverflowslider_content_wrapper_padding=\u00bb15px|15px|15px|15px|false|false\u00bb coverflow_button_bg_color=\u00bb#FFFFFF\u00bb coverflowslider_content_vertical_tablet=\u00bb\u00bb coverflowslider_content_vertical_phone=\u00bb75%\u00bb coverflowslider_content_vertical_last_edited=\u00bbon|phone\u00bb _builder_version=\u00bb4.22.1&#8243; _dynamic_attributes=\u00bblink_option_url\u00bb _module_preset=\u00bbdefault\u00bb header_font=\u00bbBarlow|700|||||||\u00bb header_text_color=\u00bb#ffffff\u00bb header_font_size=\u00bb25px\u00bb content_font=\u00bbKarla||||||||\u00bb content_text_color=\u00bb#ffffff\u00bb content_font_size=\u00bb17px\u00bb button_font=\u00bb|600||on|||||\u00bb button_text_color=\u00bb#1D3D91&#8243; button_font_size=\u00bb12px\u00bb link_option_url=\u00bb@ET-DC@eyJkeW5hbWljIjp0cnVlLCJjb250ZW50IjoicG9zdF9saW5rX3VybF9wYWdlIiwic2V0dGluZ3MiOnsicG9zdF9pZCI6IjExOCJ9fQ==@\u00bb hover_enabled=\u00bb0&#8243; border_width_all=\u00bb1px\u00bb border_color_all=\u00bb#0C71C3&#8243; border_width_all_button=\u00bb0px\u00bb global_colors_info=\u00bb{}\u00bb dnxte_coverflow_button_link=\u00bbhttps:\/\/administrativelogics.com\/es\/servicios-legales\/\u00bb sticky_enabled=\u00bb0&#8243;][\/dnxte_coverflowslider_child][dnxte_coverflowslider_child coverflowslider_layouts=\u00bbinside-image\u00bb coverflowslider_text=\u00bbOutsourcing de recursos humanos\u00bb coverflowslider_image=\u00bbhttps:\/\/administrativelogics.com\/wp-content\/uploads\/2023\/08\/human-resources-carousel.jpg\u00bb coverflowslider_alt=\u00bbOutsourcing de recursos humanos\u00bb dnxte_coverflow_button_text=\u00bbVer m\u00e1s\u00bb coverflowslider_content_horizontal=\u00bb8%\u00bb coverflowslider_content_vertical=\u00bb85%\u00bb coverflowslider_content_wrapper_padding=\u00bb15px|15px|15px|15px|false|false\u00bb coverflow_button_bg_color=\u00bb#FFFFFF\u00bb coverflowslider_content_vertical_tablet=\u00bb\u00bb coverflowslider_content_vertical_phone=\u00bb75%\u00bb coverflowslider_content_vertical_last_edited=\u00bbon|phone\u00bb _builder_version=\u00bb4.22.1&#8243; _dynamic_attributes=\u00bblink_option_url\u00bb _module_preset=\u00bbdefault\u00bb header_font=\u00bbBarlow|700|||||||\u00bb header_text_color=\u00bb#ffffff\u00bb header_font_size=\u00bb25px\u00bb content_font=\u00bbKarla||||||||\u00bb content_text_color=\u00bb#ffffff\u00bb content_font_size=\u00bb17px\u00bb button_font=\u00bb|600||on|||||\u00bb button_text_color=\u00bb#1D3D91&#8243; button_font_size=\u00bb12px\u00bb link_option_url=\u00bb@ET-DC@eyJkeW5hbWljIjp0cnVlLCJjb250ZW50IjoicG9zdF9saW5rX3VybF9wYWdlIiwic2V0dGluZ3MiOnsicG9zdF9pZCI6IjEyNyJ9fQ==@\u00bb hover_enabled=\u00bb0&#8243; border_width_all=\u00bb1px\u00bb border_color_all=\u00bb#0C71C3&#8243; border_width_all_button=\u00bb0px\u00bb global_colors_info=\u00bb{}\u00bb dnxte_coverflow_button_link=\u00bbhttps:\/\/administrativelogics.com\/es\/outsourcing-de-recursos-humanos\/\u00bb sticky_enabled=\u00bb0&#8243;][\/dnxte_coverflowslider_child][\/dnxte_coverflowslider_parent][\/et_pb_column][\/et_pb_row][\/et_pb_section][et_pb_section fb_built=\u00bb1&#8243; admin_label=\u00bbWhy choose us\u00bb _builder_version=\u00bb4.21.0&#8243; _module_preset=\u00bbdefault\u00bb background_color=\u00bb#1D3D91&#8243; locked=\u00bboff\u00bb collapsed=\u00bbon\u00bb global_colors_info=\u00bb{}\u00bb][et_pb_row _builder_version=\u00bb4.20.0&#8243; _module_preset=\u00bbdefault\u00bb custom_padding=\u00bb||0px||false|false\u00bb global_colors_info=\u00bb{}\u00bb][et_pb_column type=\u00bb4_4&#8243; _builder_version=\u00bb4.20.0&#8243; _module_preset=\u00bbdefault\u00bb global_colors_info=\u00bb{}\u00bb][et_pb_text _builder_version=\u00bb4.21.0&#8243; _module_preset=\u00bb423a60b1-cf1d-4b07-8bf8-d5060eb7033c\u00bb header_2_text_color=\u00bb#FFFFFF\u00bb custom_margin=\u00bb||0px||false|false\u00bb custom_padding=\u00bb||0px||false|false\u00bb locked=\u00bboff\u00bb global_colors_info=\u00bb{}\u00bb]<\/p>\n<h2>\u00bfPor qu\u00e9 elegirnos?<\/h2>\n<p>[\/et_pb_text][\/et_pb_column][\/et_pb_row][et_pb_row _builder_version=\u00bb4.20.0&#8243; _module_preset=\u00bbdefault\u00bb global_colors_info=\u00bb{}\u00bb][et_pb_column type=\u00bb4_4&#8243; _builder_version=\u00bb4.20.0&#8243; _module_preset=\u00bbdefault\u00bb global_colors_info=\u00bb{}\u00bb][et_pb_image src=\u00bbhttps:\/\/administrativelogics.com\/wp-content\/uploads\/2023\/08\/why-us.jpg\u00bb alt=\u00bb\u00bfPor qu\u00e9 nosotros?\u00bb title_text=\u00bb\u00bfPor qu\u00e9 nosotros?\u00bb _builder_version=\u00bb4.21.2&#8243; _module_preset=\u00bbdefault\u00bb custom_margin=\u00bb||0px||false|false\u00bb global_colors_info=\u00bb{}\u00bb][\/et_pb_image][\/et_pb_column][\/et_pb_row][et_pb_row column_structure=\u00bb1_2,1_2&#8243; _builder_version=\u00bb4.21.2&#8243; _module_preset=\u00bbdefault\u00bb global_colors_info=\u00bb{}\u00bb][et_pb_column type=\u00bb1_2&#8243; _builder_version=\u00bb4.20.0&#8243; _module_preset=\u00bbdefault\u00bb global_colors_info=\u00bb{}\u00bb][et_pb_text _builder_version=\u00bb4.21.2&#8243; _module_preset=\u00bbfc6880f3-02dd-4ace-af9b-2206143013a8&#8243; text_text_color=\u00bb#FFFFFF\u00bb header_3_font=\u00bb|600|||||||\u00bb header_3_text_color=\u00bb#FFFFFF\u00bb max_width=\u00bb560px\u00bb module_alignment=\u00bbcenter\u00bb locked=\u00bboff\u00bb global_colors_info=\u00bb{}\u00bb]<\/p>\n<h3>&#8211; Experiencia y profesionalismo en cada uno de nuestros servicios<\/h3>\n<p>[\/et_pb_text][et_pb_text _builder_version=\u00bb4.21.2&#8243; _module_preset=\u00bbfc6880f3-02dd-4ace-af9b-2206143013a8&#8243; text_text_color=\u00bb#FFFFFF\u00bb header_3_font=\u00bb|600|||||||\u00bb header_3_text_color=\u00bb#FFFFFF\u00bb max_width=\u00bb560px\u00bb module_alignment=\u00bbcenter\u00bb locked=\u00bboff\u00bb global_colors_info=\u00bb{}\u00bb]<\/p>\n<h3>&#8211; Equipo altamente capacitado y especializado en distintas<\/h3>\n<p>[\/et_pb_text][et_pb_text _builder_version=\u00bb4.21.2&#8243; _module_preset=\u00bbfc6880f3-02dd-4ace-af9b-2206143013a8&#8243; text_text_color=\u00bb#FFFFFF\u00bb header_3_font=\u00bb|600|||||||\u00bb header_3_text_color=\u00bb#FFFFFF\u00bb max_width=\u00bb560px\u00bb module_alignment=\u00bbcenter\u00bb locked=\u00bboff\u00bb global_colors_info=\u00bb{}\u00bb]<\/p>\n<h3>&#8211; Enfoque personalizado para atender sus necesidades<\/p>\n<\/h3>\n<p>[\/et_pb_text][\/et_pb_column][et_pb_column type=\u00bb1_2&#8243; _builder_version=\u00bb4.20.0&#8243; _module_preset=\u00bbdefault\u00bb global_colors_info=\u00bb{}\u00bb][et_pb_text _builder_version=\u00bb4.21.2&#8243; _module_preset=\u00bbfc6880f3-02dd-4ace-af9b-2206143013a8&#8243; text_text_color=\u00bb#FFFFFF\u00bb header_3_font=\u00bb|600|||||||\u00bb header_3_text_color=\u00bb#FFFFFF\u00bb max_width=\u00bb560px\u00bb module_alignment=\u00bbcenter\u00bb locked=\u00bboff\u00bb global_colors_info=\u00bb{}\u00bb]<\/p>\n<h3>&#8211; Soluciones integrales para optimizar sus procesos y reducir<\/h3>\n<p>[\/et_pb_text][et_pb_text _builder_version=\u00bb4.21.2&#8243; _module_preset=\u00bbfc6880f3-02dd-4ace-af9b-2206143013a8&#8243; text_text_color=\u00bb#FFFFFF\u00bb header_3_font=\u00bb|600|||||||\u00bb header_3_text_color=\u00bb#FFFFFF\u00bb max_width=\u00bb560px\u00bb module_alignment=\u00bbcenter\u00bb locked=\u00bboff\u00bb global_colors_info=\u00bb{}\u00bb]<\/p>\n<h3>&#8211; Transparencia y confidencialidad en cada proyecto.<\/h3>\n<p>[\/et_pb_text][\/et_pb_column][\/et_pb_row][\/et_pb_section]<\/p>\n","protected":false},"excerpt":{"rendered":"<p>En Administrative Logics nos enorgullecemos de ofrecer una amplia gama de servicios empresariales integrales para satisfacer todas las necesidades administrativas de su empresa.En Administrative Logics nos comprometemos a trabajar estrechamente con cada cliente para comprender sus objetivos y desaf\u00edos \u00fanicos. En Administrative Logics, entendemos que el recurso m\u00e1s valioso en cualquier empresa es su talento [&hellip;]<\/p>\n","protected":false},"author":1,"featured_media":0,"parent":0,"menu_order":0,"comment_status":"closed","ping_status":"closed","template":"","meta":{"_et_pb_use_builder":"on","_et_pb_old_content":"","_et_gb_content_width":"","footnotes":""},"_links":{"self":[{"href":"https:\/\/administrativelogics.com\/es\/wp-json\/wp\/v2\/pages\/987509864"}],"collection":[{"href":"https:\/\/administrativelogics.com\/es\/wp-json\/wp\/v2\/pages"}],"about":[{"href":"https:\/\/administrativelogics.com\/es\/wp-json\/wp\/v2\/types\/page"}],"author":[{"embeddable":true,"href":"https:\/\/administrativelogics.com\/es\/wp-json\/wp\/v2\/users\/1"}],"replies":[{"embeddable":true,"href":"https:\/\/administrativelogics.com\/es\/wp-json\/wp\/v2\/comments?post=987509864"}],"version-history":[{"count":11,"href":"https:\/\/administrativelogics.com\/es\/wp-json\/wp\/v2\/pages\/987509864\/revisions"}],"predecessor-version":[{"id":987509941,"href":"https:\/\/administrativelogics.com\/es\/wp-json\/wp\/v2\/pages\/987509864\/revisions\/987509941"}],"wp:attachment":[{"href":"https:\/\/administrativelogics.com\/es\/wp-json\/wp\/v2\/media?parent=987509864"}],"curies":[{"name":"wp","href":"https:\/\/api.w.org\/{rel}","templated":true}]}}