{"id":987509867,"date":"2023-08-07T08:20:32","date_gmt":"2023-08-07T14:20:32","guid":{"rendered":"https:\/\/administrativelogics.com\/sobre-nosotros\/"},"modified":"2023-08-21T12:45:28","modified_gmt":"2023-08-21T18:45:28","slug":"sobre-nosotros","status":"publish","type":"page","link":"https:\/\/administrativelogics.com\/es\/sobre-nosotros\/","title":{"rendered":"Sobre nosotros"},"content":{"rendered":"<p>[et_pb_section fb_built=\u00bb1&#8243; admin_label=\u00bbHeader\u00bb _builder_version=\u00bb4.21.2&#8243; _module_preset=\u00bbdefault\u00bb background_color=\u00bb#1D3D91&#8243; locked=\u00bboff\u00bb collapsed=\u00bbon\u00bb global_colors_info=\u00bb{}\u00bb][et_pb_row _builder_version=\u00bb4.20.0&#8243; _module_preset=\u00bbdefault\u00bb custom_padding=\u00bb||0px||false|false\u00bb global_colors_info=\u00bb{}\u00bb][et_pb_column type=\u00bb4_4&#8243; _builder_version=\u00bb4.20.0&#8243; _module_preset=\u00bbdefault\u00bb global_colors_info=\u00bb{}\u00bb][et_pb_text _builder_version=\u00bb4.21.2&#8243; _module_preset=\u00bb2661819c-f1ce-4d20-85ad-67221d80f70c\u00bb header_text_color=\u00bb#FFFFFF\u00bb global_colors_info=\u00bb{}\u00bb]<\/p>\n<h1>\u00bfQui\u00e9nes somos?<\/h1>\n<p>[\/et_pb_text][et_pb_text _builder_version=\u00bb4.21.2&#8243; _module_preset=\u00bbf3eba7f1-9414-4b88-bbca-c24258527f1d\u00bb text_text_color=\u00bb#FFFFFF\u00bb text_orientation=\u00bbcenter\u00bb module_alignment=\u00bbcenter\u00bb custom_margin=\u00bb||37px|||\u00bb locked=\u00bboff\u00bb global_colors_info=\u00bb{}\u00bb]<\/p>\n<p>\nSomos un equipo apasionado de profesionales dedicados a brindar soluciones empresariales integrales. Desde nuestra fundaci\u00f3n, nos hemos comprometido a ayudar a empresas de todos los tama\u00f1os a alcanzar su m\u00e1ximo potencial al proporcionar servicios administrativos, contables, financieros, legales y outsourcing de recursos humanos de alta calidad. <\/p>\n<p>[\/et_pb_text][\/et_pb_column][\/et_pb_row][et_pb_row _builder_version=\u00bb4.20.0&#8243; _module_preset=\u00bbdefault\u00bb global_colors_info=\u00bb{}\u00bb][et_pb_column type=\u00bb4_4&#8243; _builder_version=\u00bb4.20.0&#8243; _module_preset=\u00bbdefault\u00bb global_colors_info=\u00bb{}\u00bb][et_pb_image src=\u00bbhttps:\/\/administrativelogics.com\/wp-content\/uploads\/2023\/08\/about-us.jpg\u00bb title_text=\u00bbSobre nosotros\u00bb _builder_version=\u00bb4.21.2&#8243; _module_preset=\u00bbdefault\u00bb custom_margin=\u00bb||0px||false|false\u00bb hover_enabled=\u00bb0&#8243; global_colors_info=\u00bb{}\u00bb alt=\u00bbSobre nosotros\u00bb sticky_enabled=\u00bb0&#8243;][\/et_pb_image][\/et_pb_column][\/et_pb_row][et_pb_row _builder_version=\u00bb4.20.0&#8243; _module_preset=\u00bbdefault\u00bb global_colors_info=\u00bb{}\u00bb][et_pb_column type=\u00bb4_4&#8243; _builder_version=\u00bb4.20.0&#8243; _module_preset=\u00bbdefault\u00bb global_colors_info=\u00bb{}\u00bb][et_pb_text _builder_version=\u00bb4.21.2&#8243; _module_preset=\u00bb30a17511-bee8-4bdc-9316-1567cf9bfd5f\u00bb header_4_text_color=\u00bb#D6D6D6&#8243; global_colors_info=\u00bb{}\u00bb]<\/p>\n<h4>\u00bfQui\u00e9nes somos?<\/h4>\n<p>[\/et_pb_text][et_pb_text _builder_version=\u00bb4.21.2&#8243; _module_preset=\u00bbf470788e-e683-43dc-bd96-aeab084cd229&#8243; header_2_text_color=\u00bb#FFFFFF\u00bb global_colors_info=\u00bb{}\u00bb]<\/p>\n<h2> Nuestra misi\u00f3n <\/h2>\n<p>[\/et_pb_text][et_pb_text _builder_version=\u00bb4.21.2&#8243; _module_preset=\u00bb2dee52a3-b9fc-4786-990e-e24c2f48aff4&#8243; text_text_color=\u00bb#FFFFFF\u00bb global_colors_info=\u00bb{}\u00bb]Nuestra misi\u00f3n es ser el socio estrat\u00e9gico preferido para nuestros clientes, ayud\u00e1ndoles a optimizar sus operaciones, impulsar el crecimiento y alcanzar el \u00e9xito sostenible. Nos esforzamos por ser un facilitador en el camino hacia el logro de sus metas comerciales, brindando asesoramiento experto y soluciones personalizadas que se adapten a sus necesidades espec\u00edficas.[\/et_pb_text][\/et_pb_column][\/et_pb_row][\/et_pb_section][et_pb_section fb_built=\u00bb1&#8243; admin_label=\u00bbAbout\u00bb _builder_version=\u00bb4.21.2&#8243; _module_preset=\u00bbdefault\u00bb background_color=\u00bb#1D3D91&#8243; custom_padding=\u00bb||130px|||\u00bb collapsed=\u00bbon\u00bb global_colors_info=\u00bb{}\u00bb][et_pb_row column_structure=\u00bb3_5,2_5&#8243; _builder_version=\u00bb4.20.0&#8243; _module_preset=\u00bbdefault\u00bb global_colors_info=\u00bb{}\u00bb][et_pb_column type=\u00bb3_5&#8243; _builder_version=\u00bb4.20.0&#8243; _module_preset=\u00bbdefault\u00bb global_colors_info=\u00bb{}\u00bb][et_pb_text _builder_version=\u00bb4.21.2&#8243; _module_preset=\u00bbf470788e-e683-43dc-bd96-aeab084cd229&#8243; header_2_text_color=\u00bb#FFFFFF\u00bb header_2_font_size=\u00bb35px\u00bb custom_margin=\u00bb||10px|||\u00bb global_colors_info=\u00bb{}\u00bb]<\/p>\n<h2> Nuestro Compromiso <\/h2>\n<p>[\/et_pb_text][et_pb_text _builder_version=\u00bb4.21.2&#8243; _module_preset=\u00bb2dee52a3-b9fc-4786-990e-e24c2f48aff4&#8243; text_text_color=\u00bb#FFFFFF\u00bb global_colors_info=\u00bb{}\u00bb]En Administrative Logics, nos comprometemos a brindar un servicio de excelencia en todas las \u00e1reas en las que operamos. Valoramos la confianza que nuestros clientes depositan en nosotros y trabajamos incansablemente para cumplir y superar sus expectativas. Nuestra atenci\u00f3n personalizada y enfoque centrado en el cliente garantiza que cada proyecto sea abordado con el m\u00e1s alto nivel de profesionalismo y dedicaci\u00f3n.[\/et_pb_text][et_pb_text _builder_version=\u00bb4.21.2&#8243; _module_preset=\u00bbf470788e-e683-43dc-bd96-aeab084cd229&#8243; header_2_text_color=\u00bb#FFFFFF\u00bb header_2_font_size=\u00bb35px\u00bb custom_margin=\u00bb||10px|||\u00bb global_colors_info=\u00bb{}\u00bb]<\/p>\n<h2> Nuestra experiencia <\/h2>\n<p>[\/et_pb_text][et_pb_text _builder_version=\u00bb4.21.2&#8243; _module_preset=\u00bb2dee52a3-b9fc-4786-990e-e24c2f48aff4&#8243; text_text_color=\u00bb#FFFFFF\u00bb global_colors_info=\u00bb{}\u00bb]Contamos con un equipo de expertos altamente capacitados en cada uno de nuestros servicios. Nuestra trayectoria y experiencia nos han permitido perfeccionar nuestras habilidades y conocimientos para ofrecer soluciones de vanguardia en un entorno empresarial en constante cambio.[\/et_pb_text][et_pb_text _builder_version=\u00bb4.21.2&#8243; _module_preset=\u00bbf470788e-e683-43dc-bd96-aeab084cd229&#8243; header_2_text_color=\u00bb#FFFFFF\u00bb header_2_font_size=\u00bb35px\u00bb custom_margin=\u00bb||10px|||\u00bb global_colors_info=\u00bb{}\u00bb]<\/p>\n<h2> Nuestros valores <\/h2>\n<p>[\/et_pb_text][et_pb_text _builder_version=\u00bb4.21.2&#8243; _module_preset=\u00bb2dee52a3-b9fc-4786-990e-e24c2f48aff4&#8243; text_text_color=\u00bb#FFFFFF\u00bb global_colors_info=\u00bb{}\u00bb]<\/p>\n<p><em><strong>Integridad:<\/strong><\/em> Actuamos con honestidad, \u00e9tica y responsabilidad en todas nuestras interacciones, manteniendo la confidencialidad y el respeto hacia nuestros clientes.<\/p>\n<p><strong><em>Excelencia:<\/em><\/strong> Nos esforzamos por la excelencia en cada aspecto de nuestro trabajo, buscando siempre superar las expectativas y lograr resultados sobresalientes.<\/p>\n<p><em><strong>Colaboraci\u00f3n:<\/strong><\/em> Fomentamos un ambiente de trabajo colaborativo y respetuoso, donde cada miembro del equipo aporta su conocimiento y experiencia para brindar soluciones conjuntas.<\/p>\n<p><em><strong>Innovaci\u00f3n:<\/strong><\/em> Estamos comprometidos con la mejora continua y la adopci\u00f3n de nuevas tecnolog\u00edas y enfoques para ofrecer soluciones innovadoras y eficientes.<\/p>\n<p>[\/et_pb_text][\/et_pb_column][et_pb_column type=\u00bb2_5&#8243; _builder_version=\u00bb4.20.0&#8243; _module_preset=\u00bbdefault\u00bb global_colors_info=\u00bb{}\u00bb][et_pb_image src=\u00bbhttps:\/\/administrativelogics.com\/wp-content\/uploads\/2023\/08\/about-us-v2.jpg\u00bb title_text=\u00bbSobre nosotros\u00bb _builder_version=\u00bb4.21.2&#8243; _module_preset=\u00bbdefault\u00bb custom_margin=\u00bb34px|||||\u00bb hover_enabled=\u00bb0&#8243; global_colors_info=\u00bb{}\u00bb transform_styles__hover_enabled=\u00bbon|hover\u00bb transform_scale__hover=\u00bb98%|98%\u00bb transform_scale__hover_enabled=\u00bbon|hover\u00bb transform_translate__hover_enabled=\u00bbon|desktop\u00bb transform_rotate__hover_enabled=\u00bbon|desktop\u00bb transform_skew__hover_enabled=\u00bbon|desktop\u00bb transform_origin__hover_enabled=\u00bbon|desktop\u00bb alt=\u00bbSobre nosotros\u00bb sticky_enabled=\u00bb0&#8243;][\/et_pb_image][\/et_pb_column][\/et_pb_row][\/et_pb_section]<\/p>\n","protected":false},"excerpt":{"rendered":"<p>\u00bfQui\u00e9nes somos? Somos un equipo apasionado de profesionales dedicados a brindar soluciones empresariales integrales. Desde nuestra fundaci\u00f3n, nos hemos comprometido a ayudar a empresas de todos los tama\u00f1os a alcanzar su m\u00e1ximo potencial al proporcionar servicios administrativos, contables, financieros, legales y outsourcing de recursos humanos de alta calidad. \u00bfQui\u00e9nes somos? Nuestra misi\u00f3n Nuestra misi\u00f3n es [&hellip;]<\/p>\n","protected":false},"author":1,"featured_media":0,"parent":0,"menu_order":0,"comment_status":"closed","ping_status":"closed","template":"","meta":{"_et_pb_use_builder":"on","_et_pb_old_content":"","_et_gb_content_width":"","footnotes":""},"_links":{"self":[{"href":"https:\/\/administrativelogics.com\/es\/wp-json\/wp\/v2\/pages\/987509867"}],"collection":[{"href":"https:\/\/administrativelogics.com\/es\/wp-json\/wp\/v2\/pages"}],"about":[{"href":"https:\/\/administrativelogics.com\/es\/wp-json\/wp\/v2\/types\/page"}],"author":[{"embeddable":true,"href":"https:\/\/administrativelogics.com\/es\/wp-json\/wp\/v2\/users\/1"}],"replies":[{"embeddable":true,"href":"https:\/\/administrativelogics.com\/es\/wp-json\/wp\/v2\/comments?post=987509867"}],"version-history":[{"count":4,"href":"https:\/\/administrativelogics.com\/es\/wp-json\/wp\/v2\/pages\/987509867\/revisions"}],"predecessor-version":[{"id":987509895,"href":"https:\/\/administrativelogics.com\/es\/wp-json\/wp\/v2\/pages\/987509867\/revisions\/987509895"}],"wp:attachment":[{"href":"https:\/\/administrativelogics.com\/es\/wp-json\/wp\/v2\/media?parent=987509867"}],"curies":[{"name":"wp","href":"https:\/\/api.w.org\/{rel}","templated":true}]}}