{"id":987509872,"date":"2023-08-04T10:45:10","date_gmt":"2023-08-04T16:45:10","guid":{"rendered":"https:\/\/administrativelogics.com\/contactenos\/"},"modified":"2023-08-21T12:45:56","modified_gmt":"2023-08-21T18:45:56","slug":"contactenos","status":"publish","type":"page","link":"https:\/\/administrativelogics.com\/es\/contactenos\/","title":{"rendered":"Cont\u00e1ctenos"},"content":{"rendered":"<p>[et_pb_section fb_built=\u00bb1&#8243; admin_label=\u00bbHeader\u00bb _builder_version=\u00bb4.21.0&#8243; _module_preset=\u00bbdefault\u00bb background_color=\u00bb#1D3D91&#8243; background_image=\u00bbhttps:\/\/administrativelogics.com\/wp-content\/uploads\/2023\/08\/administrative-logics-isotipo.png\u00bb custom_margin=\u00bb||||false|false\u00bb custom_padding=\u00bb100px||140px||false|false\u00bb collapsed=\u00bbon\u00bb global_colors_info=\u00bb{}\u00bb][et_pb_row make_equal=\u00bbon\u00bb _builder_version=\u00bb4.21.0&#8243; _module_preset=\u00bbdefault\u00bb custom_margin=\u00bb||0px||false|false\u00bb global_colors_info=\u00bb{}\u00bb][et_pb_column type=\u00bb4_4&#8243; _builder_version=\u00bb4.20.0&#8243; _module_preset=\u00bbdefault\u00bb custom_padding=\u00bb60px||60px||true|false\u00bb custom_padding_tablet=\u00bb0px||0px||true|false\u00bb custom_padding_phone=\u00bb0px||0px||true|false\u00bb custom_padding_last_edited=\u00bbon|tablet\u00bb global_colors_info=\u00bb{}\u00bb][et_pb_image src=\u00bbhttps:\/\/administrativelogics.com\/wp-content\/uploads\/2023\/08\/contact-us.jpg\u00bb title_text=\u00bbCont\u00e1ctenos\u00bb _builder_version=\u00bb4.21.2&#8243; _module_preset=\u00bbdefault\u00bb hover_enabled=\u00bb0&#8243; global_colors_info=\u00bb{}\u00bb alt=\u00bbCont\u00e1ctenos\u00bb sticky_enabled=\u00bb0&#8243;][\/et_pb_image][et_pb_text _builder_version=\u00bb4.21.0&#8243; _module_preset=\u00bb4c9a9caa-3496-4c80-8cf9-db453b5fd715&#8243; header_text_color=\u00bb#FFFFFF\u00bb global_colors_info=\u00bb{}\u00bb]<\/p>\n<h1>Cont\u00e1ctenos<\/h1>\n<p>[\/et_pb_text][et_pb_text _builder_version=\u00bb4.21.0&#8243; _module_preset=\u00bbdca82b6c-476d-42a7-b875-135ddc59439c\u00bb text_text_color=\u00bb#FFFFFF\u00bb header_2_font=\u00bbArial|700|||||||\u00bb header_2_text_color=\u00bb#FFFFFF\u00bb header_2_line_height=\u00bb1.4em\u00bb text_font_size_tablet=\u00bb\u00bb text_font_size_phone=\u00bb\u00bb text_font_size_last_edited=\u00bbon|phone\u00bb global_colors_info=\u00bb{}\u00bb]<\/p>\n<h2> \u00a1Cont\u00e1ctanos y Descubre la Excelencia en Servicios Empresariales! <\/h2>\n<p> Estamos comprometidos a brindar soluciones integrales y eficientes para el crecimiento y \u00e9xito de tu empresa. Nuestros servicios administrativos, contables, financieros, legales y de outsourcing de recursos humanos est\u00e1n dise\u00f1ados para liberarte de las tareas operativas y administrativas, permiti\u00e9ndote enfocarte en alcanzar tus metas empresariales. <\/p>\n<p>[\/et_pb_text][\/et_pb_column][\/et_pb_row][et_pb_row column_structure=\u00bb1_3,1_3,1_3&#8243; _builder_version=\u00bb4.21.0&#8243; _module_preset=\u00bbdefault\u00bb global_colors_info=\u00bb{}\u00bb][et_pb_column type=\u00bb1_3&#8243; _builder_version=\u00bb4.21.0&#8243; _module_preset=\u00bbdefault\u00bb global_colors_info=\u00bb{}\u00bb][et_pb_blurb title=\u00bbCORREO\u00bb url=\u00bbmailto:info@admlogic.com\u00bb use_icon=\u00bbon\u00bb font_icon=\u00bb&#xf2b6;||fa||400&#8243; icon_color=\u00bb#FFFFFF\u00bb image_icon_width=\u00bb63px\u00bb _builder_version=\u00bb4.21.0&#8243; _module_preset=\u00bbdefault\u00bb header_level=\u00bbh2&#8243; header_font=\u00bbArial|700|||||||\u00bb header_text_align=\u00bbcenter\u00bb header_text_color=\u00bb#FFFFFF\u00bb body_font=\u00bb|||on|||||\u00bb body_text_color=\u00bb#FFFFFF\u00bb text_orientation=\u00bbcenter\u00bb global_colors_info=\u00bb{}\u00bb]info@admlogic.com[\/et_pb_blurb][\/et_pb_column][et_pb_column type=\u00bb1_3&#8243; _builder_version=\u00bb4.21.0&#8243; _module_preset=\u00bbdefault\u00bb global_colors_info=\u00bb{}\u00bb][et_pb_blurb title=\u00bbTEL\u00c9FONO\u00bb url=\u00bbtel:50622893789&#8243; use_icon=\u00bbon\u00bb font_icon=\u00bb&#xf2a0;||fa||900&#8243; icon_color=\u00bb#FFFFFF\u00bb image_icon_width=\u00bb63px\u00bb _builder_version=\u00bb4.21.0&#8243; _module_preset=\u00bbdefault\u00bb header_level=\u00bbh2&#8243; header_font=\u00bbArial|700|||||||\u00bb header_text_align=\u00bbcenter\u00bb header_text_color=\u00bb#FFFFFF\u00bb body_font=\u00bb|||on|||||\u00bb body_text_color=\u00bb#FFFFFF\u00bb text_orientation=\u00bbcenter\u00bb global_colors_info=\u00bb{}\u00bb]506 2289-3789[\/et_pb_blurb][\/et_pb_column][et_pb_column type=\u00bb1_3&#8243; _builder_version=\u00bb4.21.0&#8243; _module_preset=\u00bbdefault\u00bb global_colors_info=\u00bb{}\u00bb][et_pb_blurb title=\u00bbUBICACI\u00d3N\u00bb url=\u00bbtel:50622893789&#8243; use_icon=\u00bbon\u00bb font_icon=\u00bb&#xf276;||fa||900&#8243; icon_color=\u00bb#FFFFFF\u00bb image_icon_width=\u00bb63px\u00bb _builder_version=\u00bb4.21.0&#8243; _module_preset=\u00bbdefault\u00bb header_level=\u00bbh2&#8243; header_font=\u00bbArial|700|||||||\u00bb header_text_align=\u00bbcenter\u00bb header_text_color=\u00bb#FFFFFF\u00bb body_font=\u00bb|||on|||||\u00bb body_text_color=\u00bb#FFFFFF\u00bb text_orientation=\u00bbcenter\u00bb global_colors_info=\u00bb{}\u00bb]San Jose, Costa Rica.[\/et_pb_blurb][\/et_pb_column][\/et_pb_row][\/et_pb_section]<\/p>\n","protected":false},"excerpt":{"rendered":"<p>Cont\u00e1ctenos \u00a1Cont\u00e1ctanos y Descubre la Excelencia en Servicios Empresariales! Estamos comprometidos a brindar soluciones integrales y eficientes para el crecimiento y \u00e9xito de tu empresa. Nuestros servicios administrativos, contables, financieros, legales y de outsourcing de recursos humanos est\u00e1n dise\u00f1ados para liberarte de las tareas operativas y administrativas, permiti\u00e9ndote enfocarte en alcanzar tus metas empresariales. info@admlogic.com506 [&hellip;]<\/p>\n","protected":false},"author":1,"featured_media":0,"parent":0,"menu_order":0,"comment_status":"closed","ping_status":"closed","template":"","meta":{"_et_pb_use_builder":"on","_et_pb_old_content":"","_et_gb_content_width":"","footnotes":""},"_links":{"self":[{"href":"https:\/\/administrativelogics.com\/es\/wp-json\/wp\/v2\/pages\/987509872"}],"collection":[{"href":"https:\/\/administrativelogics.com\/es\/wp-json\/wp\/v2\/pages"}],"about":[{"href":"https:\/\/administrativelogics.com\/es\/wp-json\/wp\/v2\/types\/page"}],"author":[{"embeddable":true,"href":"https:\/\/administrativelogics.com\/es\/wp-json\/wp\/v2\/users\/1"}],"replies":[{"embeddable":true,"href":"https:\/\/administrativelogics.com\/es\/wp-json\/wp\/v2\/comments?post=987509872"}],"version-history":[{"count":4,"href":"https:\/\/administrativelogics.com\/es\/wp-json\/wp\/v2\/pages\/987509872\/revisions"}],"predecessor-version":[{"id":987509901,"href":"https:\/\/administrativelogics.com\/es\/wp-json\/wp\/v2\/pages\/987509872\/revisions\/987509901"}],"wp:attachment":[{"href":"https:\/\/administrativelogics.com\/es\/wp-json\/wp\/v2\/media?parent=987509872"}],"curies":[{"name":"wp","href":"https:\/\/api.w.org\/{rel}","templated":true}]}}