{"id":987509877,"date":"2023-08-03T14:16:32","date_gmt":"2023-08-03T20:16:32","guid":{"rendered":"https:\/\/administrativelogics.com\/servicios-administrativos\/"},"modified":"2023-08-21T12:45:49","modified_gmt":"2023-08-21T18:45:49","slug":"servicios-administrativos","status":"publish","type":"page","link":"https:\/\/administrativelogics.com\/es\/servicios-administrativos\/","title":{"rendered":"Servicios administrativos"},"content":{"rendered":"<p>[et_pb_section fb_built=\u00bb1&#8243; admin_label=\u00bbHeader\u00bb _builder_version=\u00bb4.21.0&#8243; _module_preset=\u00bbdefault\u00bb background_color=\u00bb#1D3D91&#8243; background_image=\u00bbhttps:\/\/administrativelogics.com\/wp-content\/uploads\/2023\/08\/administrative-logics-isotipo.png\u00bb background_size=\u00bbinitial\u00bb background_position=\u00bbtop_right\u00bb background_last_edited=\u00bbon|phone\u00bb parallax_phone=\u00bbon\u00bb background_size_phone=\u00bbcontain\u00bb background_image_width_phone=\u00bb0%\u00bb background_image_height_phone=\u00bb0%\u00bb locked=\u00bboff\u00bb collapsed=\u00bbon\u00bb global_colors_info=\u00bb{}\u00bb][et_pb_row _builder_version=\u00bb4.20.0&#8243; _module_preset=\u00bbdefault\u00bb custom_padding=\u00bb||0px||false|false\u00bb global_colors_info=\u00bb{}\u00bb][et_pb_column type=\u00bb4_4&#8243; _builder_version=\u00bb4.20.0&#8243; _module_preset=\u00bbdefault\u00bb global_colors_info=\u00bb{}\u00bb][et_pb_text _builder_version=\u00bb4.21.0&#8243; _module_preset=\u00bb36d502b2-4ee4-4953-8070-04d742ffb91f\u00bb header_text_color=\u00bb#FFFFFF\u00bb global_colors_info=\u00bb{}\u00bb]<\/p>\n<h1> Servicios administrativos <\/h1>\n<p>[\/et_pb_text][\/et_pb_column][\/et_pb_row][et_pb_row _builder_version=\u00bb4.20.0&#8243; _module_preset=\u00bbdefault\u00bb global_colors_info=\u00bb{}\u00bb][et_pb_column type=\u00bb4_4&#8243; _builder_version=\u00bb4.20.0&#8243; _module_preset=\u00bbdefault\u00bb global_colors_info=\u00bb{}\u00bb][et_pb_image src=\u00bbhttps:\/\/administrativelogics.com\/wp-content\/uploads\/2023\/08\/administrative-services.jpg\u00bb title_text=\u00bbServicios administrativos\u00bb _builder_version=\u00bb4.21.2&#8243; _module_preset=\u00bbdefault\u00bb custom_margin=\u00bb||0px||false|false\u00bb hover_enabled=\u00bb0&#8243; global_colors_info=\u00bb{}\u00bb alt=\u00bbServicios administrativos\u00bb sticky_enabled=\u00bb0&#8243;][\/et_pb_image][\/et_pb_column][\/et_pb_row][\/et_pb_section][et_pb_section fb_built=\u00bb1&#8243; admin_label=\u00bbAbout\u00bb _builder_version=\u00bb4.21.0&#8243; _module_preset=\u00bbdefault\u00bb background_color=\u00bb#1D3D91&#8243; custom_padding=\u00bb7px|||||\u00bb collapsed=\u00bbon\u00bb global_colors_info=\u00bb{}\u00bb][et_pb_row _builder_version=\u00bb4.21.0&#8243; _module_preset=\u00bbdefault\u00bb global_colors_info=\u00bb{}\u00bb][et_pb_column type=\u00bb4_4&#8243; _builder_version=\u00bb4.20.0&#8243; _module_preset=\u00bbdefault\u00bb global_colors_info=\u00bb{}\u00bb][et_pb_text _builder_version=\u00bb4.21.0&#8243; _module_preset=\u00bb8dd50091-ed4c-46df-b597-a4667af5a18a\u00bb header_4_text_color=\u00bb#D6D6D6&#8243; min_height=\u00bb37px\u00bb global_colors_info=\u00bb{}\u00bb]<\/p>\n<h4>Administrative Logics<\/h4>\n<p>[\/et_pb_text][et_pb_text _builder_version=\u00bb4.21.0&#8243; _module_preset=\u00bb423a60b1-cf1d-4b07-8bf8-d5060eb7033c\u00bb header_2_text_color=\u00bb#FFFFFF\u00bb custom_margin=\u00bb||0px||false|false\u00bb custom_padding=\u00bb||0px||false|false\u00bb global_colors_info=\u00bb{}\u00bb]<\/p>\n<h2> Eficiencia y Organizaci\u00f3n para tu Empresa<\/h2>\n<p>[\/et_pb_text][et_pb_text _builder_version=\u00bb4.21.0&#8243; _module_preset=\u00bb2376a56e-e277-4f55-be96-2d3f46963558&#8243; text_text_color=\u00bb#FFFFFF\u00bb global_colors_info=\u00bb{}\u00bb]En Administrative Logics, entendemos que una gesti\u00f3n administrativa s\u00f3lida es fundamental para el \u00e9xito y el crecimiento de cualquier empresa. Es por eso que ofrecemos un completo conjunto de servicios administrativos dise\u00f1ados para optimizar y agilizar las operaciones internas de tu negocio.[\/et_pb_text][et_pb_text _builder_version=\u00bb4.21.0&#8243; _module_preset=\u00bb423a60b1-cf1d-4b07-8bf8-d5060eb7033c\u00bb header_2_text_color=\u00bb#FFFFFF\u00bb custom_margin=\u00bb||0px||false|false\u00bb custom_padding=\u00bb||0px||false|false\u00bb global_colors_info=\u00bb{}\u00bb]<\/p>\n<h2> Nuestro Equipo de Expertos <\/h2>\n<p>[\/et_pb_text][et_pb_text _builder_version=\u00bb4.21.0&#8243; _module_preset=\u00bb2376a56e-e277-4f55-be96-2d3f46963558&#8243; text_text_color=\u00bb#FFFFFF\u00bb global_colors_info=\u00bb{}\u00bb]Contamos con un equipo de profesionales altamente capacitados y con una amplia experiencia en el campo de la administraci\u00f3n empresarial. Nuestros expertos est\u00e1n listos para brindarte asesoramiento y soluciones personalizadas que se adapten a las necesidades espec\u00edficas de tu empresa.[\/et_pb_text][\/et_pb_column][\/et_pb_row][et_pb_row column_structure=\u00bb2_5,3_5&#8243; _builder_version=\u00bb4.21.0&#8243; _module_preset=\u00bbdefault\u00bb custom_padding=\u00bb80px||80px||true|false\u00bb global_colors_info=\u00bb{}\u00bb][et_pb_column type=\u00bb2_5&#8243; _builder_version=\u00bb4.20.0&#8243; _module_preset=\u00bbdefault\u00bb global_colors_info=\u00bb{}\u00bb][et_pb_image src=\u00bbhttps:\/\/administrativelogics.com\/wp-content\/uploads\/2023\/08\/benefits-of-administrative-services.jpg\u00bb title_text=\u00bbBeneficios de Nuestros Servicios Administrativos\u00bb _builder_version=\u00bb4.21.2&#8243; _module_preset=\u00bbdefault\u00bb hover_enabled=\u00bb0&#8243; global_colors_info=\u00bb{}\u00bb transform_styles__hover_enabled=\u00bbon|hover\u00bb transform_scale__hover=\u00bb98%|98%\u00bb transform_scale__hover_enabled=\u00bbon|hover\u00bb transform_translate__hover_enabled=\u00bbon|desktop\u00bb transform_rotate__hover_enabled=\u00bbon|desktop\u00bb transform_skew__hover_enabled=\u00bbon|desktop\u00bb transform_origin__hover_enabled=\u00bbon|desktop\u00bb alt=\u00bbBeneficios de Nuestros Servicios Administrativos\u00bb sticky_enabled=\u00bb0&#8243;][\/et_pb_image][\/et_pb_column][et_pb_column type=\u00bb3_5&#8243; _builder_version=\u00bb4.20.0&#8243; _module_preset=\u00bbdefault\u00bb global_colors_info=\u00bb{}\u00bb][et_pb_text _builder_version=\u00bb4.21.0&#8243; _module_preset=\u00bb423a60b1-cf1d-4b07-8bf8-d5060eb7033c\u00bb header_2_text_color=\u00bb#FFFFFF\u00bb global_colors_info=\u00bb{}\u00bb]<\/p>\n<h2> Beneficios de Nuestros Servicios Administrativos <\/h2>\n<p>[\/et_pb_text][et_pb_text _builder_version=\u00bb4.21.0&#8243; _module_preset=\u00bb2376a56e-e277-4f55-be96-2d3f46963558&#8243; text_text_color=\u00bb#FFFFFF\u00bb header_4_font=\u00bb|800||on|||||\u00bb header_4_text_color=\u00bb#FFFFFF\u00bb header_4_line_height=\u00bb2em\u00bb global_colors_info=\u00bb{}\u00bb]<\/p>\n<h4>Mayor Eficiencia:<\/h4>\n<p>Nuestras soluciones est\u00e1n dise\u00f1adas para mejorar la eficiencia de tus operaciones, permiti\u00e9ndote enfocarte en el crecimiento de tu empresa.<\/p>\n<h4>Reducci\u00f3n de Costos:<\/h4>\n<p>Al optimizar tus procesos administrativos, podr\u00e1s reducir costos operativos y mejorar la rentabilidad de tu negocio.<\/p>\n<h4>Confiabilidad:<\/h4>\n<p>Nuestro equipo altamente capacitado garantiza un manejo seguro y confiable de la informaci\u00f3n de tu empresa.<\/p>\n<h4>Enfoque Personalizado:<\/h4>\n<p>Entendemos que cada empresa es \u00fanica, por lo que adaptamos nuestros servicios para satisfacer tus necesidades espec\u00edficas.[\/et_pb_text][\/et_pb_column][\/et_pb_row][et_pb_row _builder_version=\u00bb4.21.0&#8243; _module_preset=\u00bbdefault\u00bb global_colors_info=\u00bb{}\u00bb][et_pb_column type=\u00bb4_4&#8243; _builder_version=\u00bb4.20.0&#8243; _module_preset=\u00bbdefault\u00bb global_colors_info=\u00bb{}\u00bb][et_pb_text _builder_version=\u00bb4.21.0&#8243; _module_preset=\u00bb423a60b1-cf1d-4b07-8bf8-d5060eb7033c\u00bb header_2_text_color=\u00bb#FFFFFF\u00bb custom_margin=\u00bb||0px||false|false\u00bb custom_padding=\u00bb||0px||false|false\u00bb global_colors_info=\u00bb{}\u00bb]<\/p>\n<h2> Conf\u00eda en Nosotros <\/h2>\n<p>[\/et_pb_text][et_pb_text _builder_version=\u00bb4.21.0&#8243; _module_preset=\u00bb2376a56e-e277-4f55-be96-2d3f46963558&#8243; text_text_color=\u00bb#FFFFFF\u00bb global_colors_info=\u00bb{}\u00bb]En Administrative Logics nos enorgullecemos de ofrecer servicios administrativos de calidad que te permitir\u00e1n llevar a tu empresa al siguiente nivel. Perm\u00edtenos ser tu aliado en la b\u00fasqueda de la eficiencia y el \u00e9xito empresarial.[\/et_pb_text][\/et_pb_column][\/et_pb_row][\/et_pb_section]<\/p>\n","protected":false},"excerpt":{"rendered":"<p>Servicios administrativos Administrative Logics Eficiencia y Organizaci\u00f3n para tu EmpresaEn Administrative Logics, entendemos que una gesti\u00f3n administrativa s\u00f3lida es fundamental para el \u00e9xito y el crecimiento de cualquier empresa. Es por eso que ofrecemos un completo conjunto de servicios administrativos dise\u00f1ados para optimizar y agilizar las operaciones internas de tu negocio. Nuestro Equipo de Expertos [&hellip;]<\/p>\n","protected":false},"author":1,"featured_media":0,"parent":0,"menu_order":0,"comment_status":"closed","ping_status":"closed","template":"","meta":{"_et_pb_use_builder":"on","_et_pb_old_content":"","_et_gb_content_width":"","footnotes":""},"_links":{"self":[{"href":"https:\/\/administrativelogics.com\/es\/wp-json\/wp\/v2\/pages\/987509877"}],"collection":[{"href":"https:\/\/administrativelogics.com\/es\/wp-json\/wp\/v2\/pages"}],"about":[{"href":"https:\/\/administrativelogics.com\/es\/wp-json\/wp\/v2\/types\/page"}],"author":[{"embeddable":true,"href":"https:\/\/administrativelogics.com\/es\/wp-json\/wp\/v2\/users\/1"}],"replies":[{"embeddable":true,"href":"https:\/\/administrativelogics.com\/es\/wp-json\/wp\/v2\/comments?post=987509877"}],"version-history":[{"count":4,"href":"https:\/\/administrativelogics.com\/es\/wp-json\/wp\/v2\/pages\/987509877\/revisions"}],"predecessor-version":[{"id":987509899,"href":"https:\/\/administrativelogics.com\/es\/wp-json\/wp\/v2\/pages\/987509877\/revisions\/987509899"}],"wp:attachment":[{"href":"https:\/\/administrativelogics.com\/es\/wp-json\/wp\/v2\/media?parent=987509877"}],"curies":[{"name":"wp","href":"https:\/\/api.w.org\/{rel}","templated":true}]}}