{"id":987509907,"date":"2023-08-04T10:01:17","date_gmt":"2023-08-04T16:01:17","guid":{"rendered":"https:\/\/administrativelogics.com\/outsourcing-de-recursos-humanos\/"},"modified":"2023-08-21T12:55:04","modified_gmt":"2023-08-21T18:55:04","slug":"outsourcing-de-recursos-humanos","status":"publish","type":"page","link":"https:\/\/administrativelogics.com\/es\/outsourcing-de-recursos-humanos\/","title":{"rendered":"Outsourcing de recursos humanos"},"content":{"rendered":"<p>[et_pb_section fb_built=\u00bb1&#8243; admin_label=\u00bbHeader\u00bb _builder_version=\u00bb4.21.0&#8243; _module_preset=\u00bbdefault\u00bb background_color=\u00bb#1D3D91&#8243; background_image=\u00bbhttps:\/\/administrativelogics.com\/wp-content\/uploads\/2023\/08\/administrative-logics-isotipo.png\u00bb background_size=\u00bbinitial\u00bb background_position=\u00bbtop_right\u00bb background_last_edited=\u00bbon|phone\u00bb parallax_phone=\u00bbon\u00bb background_size_phone=\u00bbcontain\u00bb background_image_width_phone=\u00bb0%\u00bb background_image_height_phone=\u00bb0%\u00bb locked=\u00bboff\u00bb collapsed=\u00bbon\u00bb global_colors_info=\u00bb{}\u00bb][et_pb_row _builder_version=\u00bb4.20.0&#8243; _module_preset=\u00bbdefault\u00bb custom_padding=\u00bb||0px||false|false\u00bb global_colors_info=\u00bb{}\u00bb][et_pb_column type=\u00bb4_4&#8243; _builder_version=\u00bb4.20.0&#8243; _module_preset=\u00bbdefault\u00bb global_colors_info=\u00bb{}\u00bb][et_pb_text _builder_version=\u00bb4.21.0&#8243; _module_preset=\u00bb36d502b2-4ee4-4953-8070-04d742ffb91f\u00bb header_text_color=\u00bb#FFFFFF\u00bb global_colors_info=\u00bb{}\u00bb]<\/p>\n<h1> Outsourcing de recursos humanos <\/h1>\n<p>[\/et_pb_text][\/et_pb_column][\/et_pb_row][et_pb_row _builder_version=\u00bb4.20.0&#8243; _module_preset=\u00bbdefault\u00bb global_colors_info=\u00bb{}\u00bb][et_pb_column type=\u00bb4_4&#8243; _builder_version=\u00bb4.20.0&#8243; _module_preset=\u00bbdefault\u00bb global_colors_info=\u00bb{}\u00bb][et_pb_image src=\u00bbhttps:\/\/administrativelogics.com\/wp-content\/uploads\/2023\/08\/outsourcing-human-resources.jpg\u00bb title_text=\u00bbOutsourcing de recursos humanos\u00bb _builder_version=\u00bb4.21.2&#8243; _module_preset=\u00bbdefault\u00bb custom_margin=\u00bb||0px||false|false\u00bb hover_enabled=\u00bb0&#8243; global_colors_info=\u00bb{}\u00bb alt=\u00bbOutsourcing de recursos humanos\u00bb sticky_enabled=\u00bb0&#8243;][\/et_pb_image][\/et_pb_column][\/et_pb_row][\/et_pb_section][et_pb_section fb_built=\u00bb1&#8243; admin_label=\u00bbAbout\u00bb _builder_version=\u00bb4.21.0&#8243; _module_preset=\u00bbdefault\u00bb background_color=\u00bb#1D3D91&#8243; custom_padding=\u00bb7px|||||\u00bb collapsed=\u00bbon\u00bb global_colors_info=\u00bb{}\u00bb][et_pb_row _builder_version=\u00bb4.21.0&#8243; _module_preset=\u00bbdefault\u00bb global_colors_info=\u00bb{}\u00bb][et_pb_column type=\u00bb4_4&#8243; _builder_version=\u00bb4.20.0&#8243; _module_preset=\u00bbdefault\u00bb global_colors_info=\u00bb{}\u00bb][et_pb_text _builder_version=\u00bb4.21.0&#8243; _module_preset=\u00bb8dd50091-ed4c-46df-b597-a4667af5a18a\u00bb header_4_text_color=\u00bb#D6D6D6&#8243; min_height=\u00bb37px\u00bb global_colors_info=\u00bb{}\u00bb]<\/p>\n<h4>Administrative Logics<\/h4>\n<p>[\/et_pb_text][et_pb_text _builder_version=\u00bb4.21.0&#8243; _module_preset=\u00bb423a60b1-cf1d-4b07-8bf8-d5060eb7033c\u00bb header_2_text_color=\u00bb#FFFFFF\u00bb custom_margin=\u00bb||0px||false|false\u00bb custom_padding=\u00bb||0px||false|false\u00bb global_colors_info=\u00bb{}\u00bb]<\/p>\n<h2> Optimiza tu Talento, Impulsa tu \u00c9xito con Administrative Logics <\/h2>\n<p>[\/et_pb_text][et_pb_text _builder_version=\u00bb4.21.0&#8243; _module_preset=\u00bb2376a56e-e277-4f55-be96-2d3f46963558&#8243; text_text_color=\u00bb#FFFFFF\u00bb global_colors_info=\u00bb{}\u00bb]En Administrative Logics, entendemos que el recurso m\u00e1s valioso en cualquier empresa es su talento humano. Nuestro servicio de Outsourcing de Recursos Humanos est\u00e1 dise\u00f1ado para liberarte de las tareas administrativas y de gesti\u00f3n de personal, permiti\u00e9ndote enfocarte en el crecimiento y \u00e9xito de tu negocio.[\/et_pb_text][et_pb_text _builder_version=\u00bb4.21.0&#8243; _module_preset=\u00bb423a60b1-cf1d-4b07-8bf8-d5060eb7033c\u00bb header_2_text_color=\u00bb#FFFFFF\u00bb custom_margin=\u00bb||0px||false|false\u00bb custom_padding=\u00bb||0px||false|false\u00bb global_colors_info=\u00bb{}\u00bb]<\/p>\n<h2> Nuestra Experiencia: <\/h2>\n<p>[\/et_pb_text][et_pb_text _builder_version=\u00bb4.21.0&#8243; _module_preset=\u00bb2376a56e-e277-4f55-be96-2d3f46963558&#8243; text_text_color=\u00bb#FFFFFF\u00bb global_colors_info=\u00bb{}\u00bb]Contamos con un equipo de profesionales altamente capacitados y especializados en recursos humanos. Hemos trabajado con empresas de diversos sectores y tama\u00f1os, brindando soluciones personalizadas y efectivas para optimizar sus procesos de gesti\u00f3n de personal.[\/et_pb_text][\/et_pb_column][\/et_pb_row][et_pb_row _builder_version=\u00bb4.21.0&#8243; _module_preset=\u00bbdefault\u00bb custom_padding=\u00bb46px||46px||true|false\u00bb global_colors_info=\u00bb{}\u00bb][et_pb_column type=\u00bb4_4&#8243; _builder_version=\u00bb4.20.0&#8243; _module_preset=\u00bbdefault\u00bb global_colors_info=\u00bb{}\u00bb][et_pb_text _builder_version=\u00bb4.21.0&#8243; _module_preset=\u00bb423a60b1-cf1d-4b07-8bf8-d5060eb7033c\u00bb header_2_text_color=\u00bb#FFFFFF\u00bb global_colors_info=\u00bb{}\u00bb]<\/p>\n<h2>Nuestros servicios<\/h2>\n<p>[\/et_pb_text][et_pb_accordion icon_color=\u00bb#1D3D91&#8243; _builder_version=\u00bb4.21.0&#8243; _module_preset=\u00bbdefault\u00bb toggle_font=\u00bbArial|700|||||||\u00bb toggle_font_size=\u00bb22px\u00bb body_font=\u00bb|600|||||||\u00bb border_radii=\u00bbon|5px|5px|5px|5px\u00bb locked=\u00bboff\u00bb global_colors_info=\u00bb{}\u00bb][et_pb_accordion_item title=\u00bbContrataci\u00f3n y Selecci\u00f3n de Personal:\u00bb open=\u00bbon\u00bb _builder_version=\u00bb4.21.0&#8243; _module_preset=\u00bbdefault\u00bb global_colors_info=\u00bb{}\u00bb]Te ayudamos a encontrar y reclutar el talento m\u00e1s adecuado para tus necesidades empresariales. Nuestros expertos en selecci\u00f3n de personal utilizan metodolog\u00edas probadas para identificar a los candidatos ideales que se ajusten a tu cultura y requerimientos.[\/et_pb_accordion_item][et_pb_accordion_item title=\u00bbAdministraci\u00f3n de N\u00f3mina:\u00bb _builder_version=\u00bb4.21.0&#8243; _module_preset=\u00bbdefault\u00bb global_colors_info=\u00bb{}\u00bb open=\u00bboff\u00bb]Nos encargamos de la compleja tarea de gestionar la n\u00f3mina de tu empresa, asegurando el c\u00e1lculo preciso y oportuno de salarios, beneficios y deducciones, manteniendo el cumplimiento con las obligaciones fiscales y laborales.[\/et_pb_accordion_item][et_pb_accordion_item title=\u00bbGesti\u00f3n de Beneficios y Compensaciones:\u00bb _builder_version=\u00bb4.21.0&#8243; _module_preset=\u00bbdefault\u00bb global_colors_info=\u00bb{}\u00bb open=\u00bboff\u00bb]Dise\u00f1amos y administramos programas de beneficios competitivos que atraigan y retengan al mejor talento. Adem\u00e1s, evaluamos las pol\u00edticas de compensaci\u00f3n para garantizar la equidad y la satisfacci\u00f3n de los empleados.[\/et_pb_accordion_item][et_pb_accordion_item title=\u00bbDesarrollo y Capacitaci\u00f3n:\u00bb _builder_version=\u00bb4.21.0&#8243; _module_preset=\u00bbdefault\u00bb global_colors_info=\u00bb{}\u00bb open=\u00bboff\u00bb]Impulsamos el crecimiento de tu equipo mediante programas de desarrollo y capacitaci\u00f3n que fomenten sus habilidades y competencias. De esta manera, tus empleados estar\u00e1n mejor preparados para enfrentar los desaf\u00edos y oportunidades que se presenten.[\/et_pb_accordion_item][et_pb_accordion_item title=\u00bbGesti\u00f3n del Desempe\u00f1o y Evaluaci\u00f3n:\u00bb _builder_version=\u00bb4.21.0&#8243; _module_preset=\u00bbdefault\u00bb global_colors_info=\u00bb{}\u00bb open=\u00bboff\u00bb]Implementamos sistemas de evaluaci\u00f3n del desempe\u00f1o para medir el rendimiento de tus empleados y brindar retroalimentaci\u00f3n constructiva, con el objetivo de mejorar continuamente su productividad y desarrollo profesional.[\/et_pb_accordion_item][et_pb_accordion_item title=\u00bbCumplimiento Normativo:\u00bb _builder_version=\u00bb4.21.0&#8243; _module_preset=\u00bbdefault\u00bb global_colors_info=\u00bb{}\u00bb open=\u00bboff\u00bb]Nos aseguramos de que tu empresa cumpla con todas las normativas laborales y regulaciones vigentes, evitando riesgos legales y sanciones.[\/et_pb_accordion_item][\/et_pb_accordion][\/et_pb_column][\/et_pb_row][et_pb_row _builder_version=\u00bb4.21.0&#8243; _module_preset=\u00bbdefault\u00bb global_colors_info=\u00bb{}\u00bb][et_pb_column type=\u00bb4_4&#8243; _builder_version=\u00bb4.20.0&#8243; _module_preset=\u00bbdefault\u00bb global_colors_info=\u00bb{}\u00bb][et_pb_text _builder_version=\u00bb4.21.0&#8243; _module_preset=\u00bb423a60b1-cf1d-4b07-8bf8-d5060eb7033c\u00bb header_2_text_color=\u00bb#FFFFFF\u00bb custom_margin=\u00bb||0px||false|false\u00bb custom_padding=\u00bb||0px||false|false\u00bb global_colors_info=\u00bb{}\u00bb]<\/p>\n<h2> Conf\u00eda en nosotros <\/h2>\n<p>[\/et_pb_text][et_pb_text _builder_version=\u00bb4.21.0&#8243; _module_preset=\u00bb2376a56e-e277-4f55-be96-2d3f46963558&#8243; text_text_color=\u00bb#FFFFFF\u00bb global_colors_info=\u00bb{}\u00bb]En Administrative Logics, nuestro compromiso es brindarte soluciones de Outsourcing de Recursos Humanos que liberen el potencial de tu empresa. Nos convertimos en una extensi\u00f3n de tu equipo, trabajando de manera estrecha y colaborativa para alcanzar tus metas y objetivos organizacionales.<\/p>\n<p>Cont\u00e1ctanos hoy mismo para una consulta personalizada y sin compromiso. Descubre c\u00f3mo nuestro servicio de Outsourcing de Recursos Humanos puede optimizar la gesti\u00f3n de personal en tu empresa y llevarla al siguiente nivel de \u00e9xito.<\/p>\n<p>Con Administrative Logics, estar\u00e1s en las manos de expertos en recursos humanos, dej\u00e1ndote la tranquilidad de que tu equipo estar\u00e1 en su m\u00e1ximo rendimiento. Juntos, construiremos un futuro prometedor para tu negocio. \u00a1Te esperamos![\/et_pb_text][\/et_pb_column][\/et_pb_row][\/et_pb_section]<\/p>\n","protected":false},"excerpt":{"rendered":"<p>Outsourcing de recursos humanos Administrative Logics Optimiza tu Talento, Impulsa tu \u00c9xito con Administrative Logics En Administrative Logics, entendemos que el recurso m\u00e1s valioso en cualquier empresa es su talento humano. Nuestro servicio de Outsourcing de Recursos Humanos est\u00e1 dise\u00f1ado para liberarte de las tareas administrativas y de gesti\u00f3n de personal, permiti\u00e9ndote enfocarte en el [&hellip;]<\/p>\n","protected":false},"author":1,"featured_media":0,"parent":0,"menu_order":0,"comment_status":"closed","ping_status":"closed","template":"","meta":{"_et_pb_use_builder":"on","_et_pb_old_content":"","_et_gb_content_width":"","footnotes":""},"_links":{"self":[{"href":"https:\/\/administrativelogics.com\/es\/wp-json\/wp\/v2\/pages\/987509907"}],"collection":[{"href":"https:\/\/administrativelogics.com\/es\/wp-json\/wp\/v2\/pages"}],"about":[{"href":"https:\/\/administrativelogics.com\/es\/wp-json\/wp\/v2\/types\/page"}],"author":[{"embeddable":true,"href":"https:\/\/administrativelogics.com\/es\/wp-json\/wp\/v2\/users\/1"}],"replies":[{"embeddable":true,"href":"https:\/\/administrativelogics.com\/es\/wp-json\/wp\/v2\/comments?post=987509907"}],"version-history":[{"count":2,"href":"https:\/\/administrativelogics.com\/es\/wp-json\/wp\/v2\/pages\/987509907\/revisions"}],"predecessor-version":[{"id":987509909,"href":"https:\/\/administrativelogics.com\/es\/wp-json\/wp\/v2\/pages\/987509907\/revisions\/987509909"}],"wp:attachment":[{"href":"https:\/\/administrativelogics.com\/es\/wp-json\/wp\/v2\/media?parent=987509907"}],"curies":[{"name":"wp","href":"https:\/\/api.w.org\/{rel}","templated":true}]}}